{"id":852,"date":"2022-02-17T09:53:25","date_gmt":"2022-02-17T08:53:25","guid":{"rendered":"https:\/\/www.elam.fr\/screw-cutting-and-turning\/"},"modified":"2025-03-24T15:11:46","modified_gmt":"2025-03-24T14:11:46","slug":"screw-cutting-and-turning","status":"publish","type":"page","link":"https:\/\/www.elam.fr\/en\/screw-cutting-and-turning\/","title":{"rendered":"Screw-cutting and Turning"},"content":{"rendered":"<p>ELAM est \u00e9quip\u00e9e de tours \u00e0 commande num\u00e9rique \u00e0 poup\u00e9e mobile ou fixe pour la r\u00e9alisation de pi\u00e8ces de petites et moyennes s\u00e9ries, de 50 \u00e0 50.000 pi\u00e8ces, du \u00d8 2 au \u00d8 65 mm en barres, tubes ou profil\u00e9s, et en lopins jusqu\u2019au \u00d8 200 mm. Les mati\u00e8res usin\u00e9es sont les aciers, les aciers sp\u00e9ciaux, les inox, les inconels, les hastelloys, les titanes, les aluminiums et alliages non ferreux ainsi que les mati\u00e8res plastiques et mat\u00e9riaux composites usin\u00e9s.<\/p>\n<p>Les machines de notre atelier de d\u00e9colletage-tournage sont directement reli\u00e9es \u00e0 notre logiciel FAO ESPRIT qui permet d\u2019exploiter les plans 3D de nos clients et ainsi r\u00e9duire le temps de programmation.<\/p>\n<figure><img decoding=\"async\" src=\"https:\/\/www.elam.fr\/wp-content\/uploads\/elementor\/thumbs\/P1480824-scaled-po2toz3v2f6r9d2hm18yq1uktu47ap2l3ccu4p4pss.jpg\" alt=\"P1480824\" \/><\/figure>\n<figure><img decoding=\"async\" src=\"https:\/\/www.elam.fr\/wp-content\/uploads\/elementor\/thumbs\/P1480839-scaled-po2tpbbrj9nhgakqmoj44grkjufz2rf3h0u5damljw.jpg\" alt=\"P1480839\" \/><\/figure>\n<figure><img decoding=\"async\" src=\"https:\/\/www.elam.fr\/wp-content\/uploads\/elementor\/thumbs\/P1480850-scaled-po2tpohi6y5hyu1mhu7w3dg0v8n42ivc6tyy36334s.jpg\" alt=\"P1480850\" \/><\/figure>\n<figure><img decoding=\"async\" src=\"https:\/\/www.elam.fr\/wp-content\/uploads\/elementor\/thumbs\/P1480852-scaled-po2tq0pensm85rjvihi1hsd0l8yvul7ukig9brkyvw.jpg\" alt=\"P1480852\" \/><\/figure>\n<p>\t\t\t\t\tPourquoi <br \/> nous choisir ?<br \/>\n\t\t\t\t<svg xmlns=\"http:\/\/www.w3.org\/2000\/svg\" width=\"80\" height=\"80\" viewBox=\"0 0 80 80\"><g id=\"noun-flexibility-4211539\" transform=\"translate(-84.001 -33.462)\"><path id=\"Trac&#xE9;_28801\" data-name=\"Trac&#xE9; 28801\" d=\"M271.471,50.6h6.155V65.772c1.18.843,2.276,1.771,3.372,2.7a36.38,36.38,0,0,1,3.372-2.7V50.6h6.154a2.815,2.815,0,0,0,2.445-1.517,2.57,2.57,0,0,0-.337-2.782L283.106,34.41a2.724,2.724,0,0,0-4.131,0L269.364,46.3a2.607,2.607,0,0,0-.337,2.782,2.814,2.814,0,0,0,2.445,1.518Z\" transform=\"translate(-156.997)\"><\/path><path id=\"Trac&#xE9;_28802\" data-name=\"Trac&#xE9; 28802\" d=\"M102.8,205.388h-1.6v-6.154a2.815,2.815,0,0,0-1.517-2.445,2.57,2.57,0,0,0-2.782.337l-11.887,9.442A2.812,2.812,0,0,0,84,208.676a2.557,2.557,0,0,0,1.011,2.108L96.9,220.31a2.577,2.577,0,0,0,1.686.59,2.973,2.973,0,0,0,1.18-.253,2.627,2.627,0,0,0,1.517-2.445v-6.154h1.6a17.863,17.863,0,0,1,17.789,17.871V242.9a3.372,3.372,0,0,0,6.744,0V229.921A24.574,24.574,0,0,0,102.8,205.387Z\" transform=\"translate(0 -132.813)\"><\/path><path id=\"Trac&#xE9;_28803\" data-name=\"Trac&#xE9; 28803\" d=\"M413.77,206.567l-11.887-9.442a2.64,2.64,0,0,0-4.3,2.108v6.154h-1.6a24.436,24.436,0,0,0-16.861,6.66,33.5,33.5,0,0,1,3.372,6.154,17.687,17.687,0,0,1,13.489-6.239h1.6v6.154a2.815,2.815,0,0,0,1.517,2.445,2.689,2.689,0,0,0,1.18.253,2.576,2.576,0,0,0,1.686-.59l11.8-9.441a2.812,2.812,0,0,0,1.012-2.108,2.672,2.672,0,0,0-1.012-2.108Z\" transform=\"translate(-250.78 -135.717)\"><\/path><\/g><\/svg><br \/>\n\t\t\t\t\t\t\tFlexibilit\u00e9<br \/>\n\t\t\t\t<svg xmlns=\"http:\/\/www.w3.org\/2000\/svg\" width=\"73.597\" height=\"80\" viewBox=\"0 0 73.597 80\"><g id=\"noun-chrono-4238036\" transform=\"translate(-120.19 -33.603)\"><path id=\"Trac&#xE9;_28757\" data-name=\"Trac&#xE9; 28757\" d=\"M142.238,110.772a36.043,36.043,0,0,1,12.434-69.224,2.618,2.618,0,0,1-.162-.913V38.877h-3.517a2.637,2.637,0,0,1,0-5.274H163.3a2.637,2.637,0,1,1,0,5.274h-3.517v1.759a2.634,2.634,0,0,1-.207,1.027,36.048,36.048,0,1,1-17.337,69.108ZM125.5,77.559a30.8,30.8,0,1,0,9.022-21.746A30.77,30.77,0,0,0,125.5,77.559ZM189.285,56.7l-8.7-8.7h0a2.637,2.637,0,1,1,3.729-3.73l8.7,8.7h0a2.637,2.637,0,0,1-3.729,3.73Z\" transform=\"translate(0)\"><\/path><path id=\"Trac&#xE9;_28758\" data-name=\"Trac&#xE9; 28758\" d=\"M344.4,141.91a28.478,28.478,0,0,1,28.479,28.477H344.4Z\" transform=\"translate(-189.649 -91.514)\"><\/path><\/g><\/svg><br \/>\n\t\t\t\t\t\t\tR\u00e9activit\u00e9<br \/>\n\t\t\t\t<svg xmlns=\"http:\/\/www.w3.org\/2000\/svg\" width=\"76\" height=\"80\" viewBox=\"0 0 76 80\"><g id=\"noun-technical-1106291\" transform=\"translate(-106.419 -5.597)\"><path id=\"Trac&#xE9;_28884\" data-name=\"Trac&#xE9; 28884\" d=\"M214.291,35.659h-5.839a26.29,26.29,0,0,0-4.312-9.5l4.941-4.751a2.272,2.272,0,0,0,.629-1.209,1.492,1.492,0,0,0-.629-1.209l-6.468-6.22a2.354,2.354,0,0,0-2.785,0l-4.941,4.751a34.3,34.3,0,0,0-8.984-3.887V7.412A1.99,1.99,0,0,0,184.015,5.6h-9.253a1.992,1.992,0,0,0-1.887,1.814v5.96a31.909,31.909,0,0,0-9.254,3.542l-5.3-5.1a2.354,2.354,0,0,0-2.785,0l-6.468,6.22a2.273,2.273,0,0,0-.629,1.209,2.232,2.232,0,0,0,.629,1.209l5.3,5.1a32.775,32.775,0,0,0-4.312,9.848h-5.93a1.992,1.992,0,0,0-1.887,1.814v8.9a1.99,1.99,0,0,0,1.887,1.814h5.839a28.378,28.378,0,0,0,3.324,8.293l4.762-5.529a21.992,21.992,0,0,1-1.976-9.07c0-12.353,10.422-22.374,23.269-22.374s23.269,10.021,23.269,22.374S192.19,63.994,179.343,63.994a27.214,27.214,0,0,1-6.558-.864l-4.492,5.183a38.172,38.172,0,0,0,4.492,1.3v5.1a1.99,1.99,0,0,0,1.887,1.814h9.254a1.992,1.992,0,0,0,1.887-1.814V69.35a28.449,28.449,0,0,0,9.883-4.146l4.043,3.887a2.435,2.435,0,0,0,1.258.6,2.129,2.129,0,0,0,1.258-.6l6.468-6.22a2.273,2.273,0,0,0,.629-1.209,1.492,1.492,0,0,0-.629-1.209l-4.043-3.887a22.442,22.442,0,0,0,3.684-8.9H214.2a1.992,1.992,0,0,0,1.887-1.814V36.869c.09-.259-.539-1.209-1.8-1.209Z\" transform=\"translate(-33.678)\"><\/path><path id=\"Trac&#xE9;_28885\" data-name=\"Trac&#xE9; 28885\" d=\"M157,142.5a14.943,14.943,0,0,0-2.7-7.387l-9.929,11.756-6.514-5.4,9.929-11.676a16.139,16.139,0,0,0-7.228-1.191,15.272,15.272,0,0,0-13.9,16.442,15.554,15.554,0,0,0,1.271,4.925l.079.159-24.147,28.515a6.185,6.185,0,0,0-1.429,4.369,6.1,6.1,0,0,0,2.065,4.051,6.185,6.185,0,0,0,4.369,1.429,6.1,6.1,0,0,0,4.051-2.065l23.829-28.2.238.079a15.981,15.981,0,0,0,6.116.715A15.3,15.3,0,0,0,157,142.5ZM108.7,184.278a2.071,2.071,0,1,1,1.906-2.224,2.062,2.062,0,0,1-1.906,2.224Z\" transform=\"translate(4 -102.9)\"><\/path><\/g><\/svg><br \/>\n\t\t\t\t\t\t\tTechnicit\u00e9<br \/>\n\t\t\t\t<svg xmlns=\"http:\/\/www.w3.org\/2000\/svg\" width=\"80\" height=\"80\" viewBox=\"0 0 80 80\"><g id=\"noun-precision-2655342\" transform=\"translate(-98.005 -28)\"><path id=\"Trac&#xE9;_28843\" data-name=\"Trac&#xE9; 28843\" d=\"M504.695,28l-4.629,4.621-1.544,9.069,3.547,3.552,9.072-1.531,4.629-4.621L506.7,37.262l-.191-.192Z\" transform=\"translate(-337.764)\"><\/path><path id=\"Trac&#xE9;_28844\" data-name=\"Trac&#xE9; 28844\" d=\"M468.365,64.266l-4.629,4.621-1.544,9.069,3.547,3.552,9.072-1.531,4.629-4.621-9.068-1.829-.191-.192Z\" transform=\"translate(-307.489 -30.222)\"><\/path><path id=\"Trac&#xE9;_28845\" data-name=\"Trac&#xE9; 28845\" d=\"M326.875,98.6l-37.31,37.25a2.332,2.332,0,0,1-3.07,0,2.171,2.171,0,0,1,0-3.07l37.31-37.25a2.332,2.332,0,0,1,3.07,0A2.171,2.171,0,0,1,326.875,98.6Z\" transform=\"translate(-160.546 -55.789)\"><\/path><path id=\"Trac&#xE9;_28846\" data-name=\"Trac&#xE9; 28846\" d=\"M439.766,100.53l-4.629,4.621.133,10.749.191.191,10.749.15,4.629-4.621-9.068-1.828-.191-.192Z\" transform=\"translate(-284.943 -60.442)\"><\/path><path id=\"Trac&#xE9;_28847\" data-name=\"Trac&#xE9; 28847\" d=\"M107.662,146.694a32.911,32.911,0,1,0,48.8,2.538l-5.864,5.855a24.685,24.685,0,1,1-4.755-4.762l5.864-5.855a32.915,32.915,0,0,0-44.047,2.224Zm11.628,11.644a16.455,16.455,0,1,0,25.4,2.644l-6.085,6.076a8.223,8.223,0,1,1-4.755-4.762l6.085-6.075a16.458,16.458,0,0,0-20.649,2.118Z\" transform=\"translate(0 -94.894)\"><\/path><\/g><\/svg><br \/>\n\t\t\t\t\t\t\tPr\u00e9cision\t\t\t\t\t\t<\/p>\n<figure><img decoding=\"async\" src=\"https:\/\/www.elam.fr\/wp-content\/uploads\/elementor\/thumbs\/P1480728-scaled-po2tr2ay961p2619exr49ivgcntkehd41ojoiu17z0.jpg\" alt=\"P1480728\" \/><\/figure>\n<figure><img decoding=\"async\" src=\"https:\/\/www.elam.fr\/wp-content\/uploads\/elementor\/thumbs\/P1480730-scaled-po2treiuq0if93jifl19nxsg2o5c6jpmfd0zrfj3q4.jpg\" alt=\"P1480730\" \/><\/figure>\n<figure><img decoding=\"async\" src=\"https:\/\/www.elam.fr\/wp-content\/uploads\/elementor\/thumbs\/P1480732-scaled-po2trroldp0frn0eaqq1mugwe2ch6b5v565shazlb0.jpg\" alt=\"P1480732\" \/><\/figure>\n<figure><img decoding=\"async\" src=\"https:\/\/www.elam.fr\/wp-content\/uploads\/elementor\/thumbs\/P1480760-scaled-po2ts3whujh5ykinbe0719dw42o8ydidiun3pwhh24.jpg\" alt=\"P1480760\" \/><\/figure>\n<figure><img decoding=\"async\" src=\"https:\/\/www.elam.fr\/wp-content\/uploads\/elementor\/thumbs\/P1480771-scaled-po2tsh28i7z6h3zj6joz062cfgvdy4ym8nrwfrxyn0.jpg\" alt=\"P1480771\" \/><\/figure>\n<figure><img decoding=\"async\" src=\"https:\/\/www.elam.fr\/wp-content\/uploads\/elementor\/thumbs\/P1480775-scaled-po2tsu7z5wh6zngf1pdqz2qsqv2ixweuygwp5neg7w.jpg\" alt=\"P1480775\" \/><\/figure>\n<figure><img decoding=\"async\" src=\"https:\/\/www.elam.fr\/wp-content\/uploads\/elementor\/thumbs\/P1480784-scaled-po2tt6fvmqxx6kyo2cnwdhnsgveapyrdc5e0e8wbz0.jpg\" alt=\"P1480784\" \/><\/figure>\n<figure><img decoding=\"async\" src=\"https:\/\/www.elam.fr\/wp-content\/uploads\/elementor\/thumbs\/P1480734-scaled-po2ttkjgh9h80qe6s0raww3pdngsxfbce36alebfdo.jpg\" alt=\"P1480734\" \/><\/figure>\n<figure><img decoding=\"async\" src=\"https:\/\/www.elam.fr\/wp-content\/uploads\/elementor\/thumbs\/P1480749-scaled-po2ttwrcy3xy7nwfso1gbb0p3nskphnurrnltztb4s.jpg\" alt=\"P1480749\" \/><\/figure>\n<h2>Principales mati\u00e8res usin\u00e9es<\/h2>\n<ul>\n<li>Aciers, aciers trait\u00e9s, aciers sp\u00e9ciaux<\/li>\n<li>Inox<\/li>\n<li>Inconels<\/li>\n<li>Hastelloys<\/li>\n<li>Titanes<\/li>\n<li>Aluminiums<\/li>\n<li>Laitons, bronzes, cuivreux<\/li>\n<li>Plastiques et composite<\/li>\n<\/ul>\n<h3>Nos tours \u00e0 commande num\u00e9rique<\/h3>\n<p>                                                    <a href=\"https:\/\/www.elam.fr\/machines\/1x-tour-a-poupee-fixe-pour-petites-series-somab-optimab-450\/\"><br \/>\n                                                        <img loading=\"lazy\" width=\"310\" height=\"207\" src=\"https:\/\/www.elam.fr\/wp-content\/uploads\/2022\/03\/1x-tour-a-poupee-fixe.jpg\" alt=\"\" decoding=\"async\" srcset=\"https:\/\/www.elam.fr\/wp-content\/uploads\/2022\/03\/1x-tour-a-poupee-fixe.jpg 310w, https:\/\/www.elam.fr\/wp-content\/uploads\/2022\/03\/1x-tour-a-poupee-fixe-300x200.jpg 300w\" sizes=\"auto, (max-width: 310px) 100vw, 310px\" \/>                                                    <\/a><\/p>\n<ul>\n<li>3 axes<\/li>\n<li>Tourelle 12 postes<\/li>\n<li>Outils tournants<\/li>\n<li>\u00d8 usinable entre-pointes 320mm<\/li>\n<li>Longueur usinable 860 mm<\/li>\n<\/ul>\n<h4><a href=\"https:\/\/www.elam.fr\/machines\/1x-tour-a-poupee-fixe-pour-petites-series-somab-optimab-450\/\">1x tour \u00e0 poup\u00e9e fixe pour petites s\u00e9ries SOMAB OPTIMAB 450<\/a><\/h4>\n<\/p>\n<p>                                                    <a href=\"https:\/\/www.elam.fr\/machines\/2-tours-a-poupee-mobile-citizen-m32v\/\"><br \/>\n                                                        <img loading=\"lazy\" width=\"310\" height=\"207\" src=\"https:\/\/www.elam.fr\/wp-content\/uploads\/2022\/03\/2x-tours-a-poupee-mobile-citizen-332v.jpg\" alt=\"\" decoding=\"async\" srcset=\"https:\/\/www.elam.fr\/wp-content\/uploads\/2022\/03\/2x-tours-a-poupee-mobile-citizen-332v.jpg 310w, https:\/\/www.elam.fr\/wp-content\/uploads\/2022\/03\/2x-tours-a-poupee-mobile-citizen-332v-300x200.jpg 300w\" sizes=\"auto, (max-width: 310px) 100vw, 310px\" \/>                                                    <\/a><\/p>\n<ul>\n<li>Bi-broches 9 et 10 axes<\/li>\n<li>Diam\u00e8tre de barre maxi\u00a032 mm<\/li>\n<li>Outils tournants<\/li>\n<li>Pompe haute pression 150 bars permettant entre autres des per\u00e7ages profonds<\/li>\n<li>Embarreurs IEMCA<\/li>\n<\/ul>\n<h4><a href=\"https:\/\/www.elam.fr\/machines\/2-tours-a-poupee-mobile-citizen-m32v\/\">2x tours \u00e0 poup\u00e9e mobile CITIZEN 332V<\/a><\/h4>\n<\/p>\n<p>                                                    <a href=\"https:\/\/www.elam.fr\/machines\/1-tour-a-poupee-fixe-nakamura-wt-150mmy\/\"><br \/>\n                                                        <img loading=\"lazy\" width=\"310\" height=\"207\" src=\"https:\/\/www.elam.fr\/wp-content\/uploads\/2022\/03\/1x-tour-a-poupee-fixe-nakamura-wt-150mmy.jpg\" alt=\"\" decoding=\"async\" srcset=\"https:\/\/www.elam.fr\/wp-content\/uploads\/2022\/03\/1x-tour-a-poupee-fixe-nakamura-wt-150mmy.jpg 310w, https:\/\/www.elam.fr\/wp-content\/uploads\/2022\/03\/1x-tour-a-poupee-fixe-nakamura-wt-150mmy-300x200.jpg 300w\" sizes=\"auto, (max-width: 310px) 100vw, 310px\" \/>                                                    <\/a><\/p>\n<ul>\n<li>Bi-broches \u2013 Bi-tourelles \u2013 8 axes dont 1 axe Y<\/li>\n<li>Diam\u00e8tre maxi de barre 65 mm<\/li>\n<li>Capacit\u00e9 maxi en mandrin : diam\u00e8tre 200 mm<\/li>\n<li>Outils tournants<\/li>\n<li>Embarreur IEMCA<\/li>\n<\/ul>\n<h4><a href=\"https:\/\/www.elam.fr\/machines\/1-tour-a-poupee-fixe-nakamura-wt-150mmy\/\">1x tour \u00e0 poup\u00e9e fixe NAKAMURA WT 150MMY<\/a><\/h4>\n<\/p>\n<p>                                                    <a href=\"https:\/\/www.elam.fr\/machines\/1-tour-a-poupee-fixe-mori-seiki-zl-150-smc\/\"><br \/>\n                                                        <img loading=\"lazy\" width=\"310\" height=\"207\" src=\"https:\/\/www.elam.fr\/wp-content\/uploads\/2022\/03\/1x-tour-a-poupee-fixe-mori-seiki-zl-150-smc.jpg\" alt=\"\" decoding=\"async\" srcset=\"https:\/\/www.elam.fr\/wp-content\/uploads\/2022\/03\/1x-tour-a-poupee-fixe-mori-seiki-zl-150-smc.jpg 310w, https:\/\/www.elam.fr\/wp-content\/uploads\/2022\/03\/1x-tour-a-poupee-fixe-mori-seiki-zl-150-smc-300x200.jpg 300w\" sizes=\"auto, (max-width: 310px) 100vw, 310px\" \/>                                                    <\/a><\/p>\n<ul>\n<li>Bi-broches \u2013 Bi-tourelles \u2013 7 axes<\/li>\n<li>Diam\u00e8tre maxi de barre 45 mm<\/li>\n<li>Capacit\u00e9 maxi en mandrin : diam\u00e8tre 165 mm<\/li>\n<li>Outils tournants<\/li>\n<li>Pousse barre<\/li>\n<\/ul>\n<h4><a href=\"https:\/\/www.elam.fr\/machines\/1-tour-a-poupee-fixe-mori-seiki-zl-150-smc\/\">1x tour \u00e0 poup\u00e9e fixe MORI SEIKI ZL 150 SMC<\/a><\/h4>\n<\/p>\n<p>                                                    <a href=\"https:\/\/www.elam.fr\/machines\/1x-tour-a-poupee-fixe-manurhin-kmx-252\/\"><br \/>\n                                                        <img loading=\"lazy\" width=\"310\" height=\"207\" src=\"https:\/\/www.elam.fr\/wp-content\/uploads\/2022\/03\/Famille-kmx.jpg\" alt=\"\" decoding=\"async\" srcset=\"https:\/\/www.elam.fr\/wp-content\/uploads\/2022\/03\/Famille-kmx.jpg 310w, https:\/\/www.elam.fr\/wp-content\/uploads\/2022\/03\/Famille-kmx-300x200.jpg 300w\" sizes=\"auto, (max-width: 310px) 100vw, 310px\" \/>                                                    <\/a><\/p>\n<ul>\n<li>3 axes \u2013 2 tourelles<\/li>\n<li>Diam\u00e8tre maxi en barre 42mm et 52 mm<\/li>\n<li>Capacit\u00e9 maxi en mandrin : diam\u00e8tre 120 mm<\/li>\n<li>Pousse barre<\/li>\n<\/ul>\n<h4><a href=\"https:\/\/www.elam.fr\/machines\/1x-tour-a-poupee-fixe-manurhin-kmx-252\/\">2x tours \u00e0 poup\u00e9e fixe MANURHIN KMX 252 et KMX42<\/a><\/h4>\n<\/p>\n<h3>Nos autres savoir-faire<\/h3>\n<p>\t\t\t\t\t<a href=\"https:\/\/www.elam.fr\/notre-savoir-faire\/fraisage-usinage\/\">Fraisage-usinage<\/a><br \/>\n\t\t\t\t\t<a href=\"https:\/\/www.elam.fr\/notre-savoir-faire\/finition\/\">Finition-assemblage<\/a><\/p>\n","protected":false},"excerpt":{"rendered":"<p>ELAM est \u00e9quip\u00e9e de tours \u00e0 commande num\u00e9rique \u00e0 poup\u00e9e mobile ou fixe pour la r\u00e9alisation de pi\u00e8ces de petites et moyennes s\u00e9ries, de 50 \u00e0 50.000 pi\u00e8ces, du \u00d8 2 au \u00d8 65 mm en barres, tubes ou profil\u00e9s, et en lopins jusqu\u2019au \u00d8 200 mm. Les mati\u00e8res usin\u00e9es sont les aciers, les aciers [&hellip;]<\/p>\n","protected":false},"author":1,"featured_media":0,"parent":0,"menu_order":0,"comment_status":"closed","ping_status":"closed","template":"","meta":{"_seopress_robots_primary_cat":"","_seopress_titles_title":"","_seopress_titles_desc":"","_seopress_robots_index":"","footnotes":""},"class_list":["post-852","page","type-page","status-publish","hentry"],"_links":{"self":[{"href":"https:\/\/www.elam.fr\/en\/wp-json\/wp\/v2\/pages\/852","targetHints":{"allow":["GET"]}}],"collection":[{"href":"https:\/\/www.elam.fr\/en\/wp-json\/wp\/v2\/pages"}],"about":[{"href":"https:\/\/www.elam.fr\/en\/wp-json\/wp\/v2\/types\/page"}],"author":[{"embeddable":true,"href":"https:\/\/www.elam.fr\/en\/wp-json\/wp\/v2\/users\/1"}],"replies":[{"embeddable":true,"href":"https:\/\/www.elam.fr\/en\/wp-json\/wp\/v2\/comments?post=852"}],"version-history":[{"count":31,"href":"https:\/\/www.elam.fr\/en\/wp-json\/wp\/v2\/pages\/852\/revisions"}],"predecessor-version":[{"id":1573,"href":"https:\/\/www.elam.fr\/en\/wp-json\/wp\/v2\/pages\/852\/revisions\/1573"}],"wp:attachment":[{"href":"https:\/\/www.elam.fr\/en\/wp-json\/wp\/v2\/media?parent=852"}],"curies":[{"name":"wp","href":"https:\/\/api.w.org\/{rel}","templated":true}]}}